{"id":1825,"date":"2018-12-09T16:05:14","date_gmt":"2018-12-09T15:05:14","guid":{"rendered":"http:\/\/movementarena.pl\/suwalki\/?page_id=1825"},"modified":"2024-02-22T16:18:50","modified_gmt":"2024-02-22T15:18:50","slug":"pierwszawizyta","status":"publish","type":"page","link":"https:\/\/movementarena.pl\/suwalki\/info\/pierwszawizyta\/","title":{"rendered":"Pierwsza wizyta"},"content":{"rendered":"<p>[vc_row full_width=&#8221;stretch_row&#8221; el_class=&#8221;podmenu&#8221; css=&#8221;.vc_custom_1557775629945{margin-top: -40px !important;background-color: #4e8fc7 !important;}&#8221;][vc_column width=&#8221;1\/4&#8243;][\/vc_column][vc_column width=&#8221;3\/4&#8243; css=&#8221;.vc_custom_1544367833791{padding-left: 0px !important;}&#8221;][vc_column_text]<a class=\"active\" href=\"https:\/\/movementarena.pl\/suwalki\/info\/bezpieczenstwo\">Pierwsza wizyta <\/a><a href=\"https:\/\/movementarena.pl\/suwalki\/info\/o-nas\/\">O nas<\/a>[\/vc_column_text][\/vc_column][\/vc_row][vc_row full_width=&#8221;stretch_row&#8221; content_placement=&#8221;middle&#8221; el_class=&#8221;tytul&#8221; css=&#8221;.vc_custom_1556728470970{margin-bottom: 40px !important;padding-top: 150px !important;padding-bottom: 150px !important;background-image: url(https:\/\/movementarena.pl\/suwalki\/wp-content\/uploads\/2019\/05\/safety2.1.jpg?id=3279) !important;background-position: center !important;background-repeat: no-repeat !important;background-size: cover !important;}&#8221;][vc_column][vc_custom_heading text=&#8221;<strong>Pierwsza wizyta<\/strong>&#8221; font_container=&#8221;tag:h1|font_size:50|text_align:left|color:%230c69d3&#8243; use_theme_fonts=&#8221;yes&#8221; css_animation=&#8221;slideInRight&#8221;][\/vc_column][\/vc_row][vc_row css=&#8221;.vc_custom_1542044556710{margin-bottom: 50px !important;}&#8221;][vc_column css_animation=&#8221;bottom-to-top&#8221; width=&#8221;1\/4&#8243; css=&#8221;.vc_custom_1555433266917{margin-left: -50px !important;}&#8221;][vc_single_image image=&#8221;2639&#8243; img_size=&#8221;150&#215;150&#8243; alignment=&#8221;center&#8221; style=&#8221;vc_box_shadow&#8221; css=&#8221;.vc_custom_1555431960064{margin-top: 20px !important;margin-bottom: 20px !important;}&#8221;][vc_single_image image=&#8221;2642&#8243; img_size=&#8221;150&#215;150&#8243; alignment=&#8221;center&#8221; style=&#8221;vc_box_shadow&#8221; css=&#8221;.vc_custom_1555431968298{margin-top: 20px !important;margin-bottom: 20px !important;}&#8221;][vc_single_image image=&#8221;2648&#8243; img_size=&#8221;150&#215;150&#8243; alignment=&#8221;center&#8221; style=&#8221;vc_box_shadow&#8221; css=&#8221;.vc_custom_1555431974649{margin-top: 20px !important;margin-bottom: 20px !important;}&#8221;][vc_single_image image=&#8221;2645&#8243; img_size=&#8221;150&#215;150&#8243; alignment=&#8221;center&#8221; style=&#8221;vc_box_shadow&#8221; css=&#8221;.vc_custom_1555431981564{margin-top: 20px !important;margin-bottom: 20px !important;}&#8221;][\/vc_column][vc_column css_animation=&#8221;top-to-bottom&#8221; width=&#8221;1\/4&#8243;][vc_custom_heading text=&#8221;<strong>BEZPIECZE\u0143STWO<\/strong>&#8221; font_container=&#8221;tag:h2|text_align:center&#8221; use_theme_fonts=&#8221;yes&#8221; css=&#8221;.vc_custom_1555432585740{margin-top: 30px !important;margin-bottom: 10px !important;}&#8221;][vc_column_text css=&#8221;.vc_custom_1555432428326{margin-right: 0px !important;margin-bottom: 20px !important;margin-left: 0px !important;border-right-width: 0px !important;border-left-width: 0px !important;padding-right: 0px !important;padding-left: 0px !important;border-radius: 35px !important;}&#8221;]<\/p>\n<p style=\"text-align: center;\"><span style=\"font-weight: 400;\">Movement Arena to miejsce, gdzie <\/span>bezpiecze\u0144stwo <span style=\"font-weight: 400;\">naszych go\u015bci jest na pierwszym miejscu.<\/span><\/p>\n<p>[\/vc_column_text][vc_custom_heading text=&#8221;<strong>ROZGRZEWKA<\/strong>&#8221; font_container=&#8221;tag:h2|text_align:center&#8221; use_theme_fonts=&#8221;yes&#8221; css=&#8221;.vc_custom_1555433122309{margin-top: 70px !important;margin-bottom: 10px !important;}&#8221;][vc_column_text css=&#8221;.vc_custom_1555432249714{margin-bottom: 20px !important;padding-right: -60px !important;padding-left: -60px !important;}&#8221;]<\/p>\n<p style=\"text-align: center;\"><span style=\"font-weight: 400;\">Na strefach skok\u00f3w oraz si\u0142y obowi\u0105zkowa jest rozgrzewka <\/span><\/p>\n<p>[\/vc_column_text][vc_custom_heading text=&#8221;<strong>TRENER<\/strong>&#8221; font_container=&#8221;tag:h2|text_align:center&#8221; use_theme_fonts=&#8221;yes&#8221; css=&#8221;.vc_custom_1555433132277{margin-top: 70px !important;margin-bottom: 10px !important;}&#8221;][vc_column_text css=&#8221;.vc_custom_1555432615639{margin-right: 0px !important;margin-bottom: 20px !important;margin-left: 0px !important;border-right-width: 0px !important;border-left-width: 0px !important;padding-right: 0px !important;padding-left: 0px !important;}&#8221;]<\/p>\n<p style=\"text-align: center;\"><span style=\"font-weight: 400;\">Na strefie skok\u00f3w zawsze obecny jest trener, kt\u00f3ry czuwa nad bezpiecze\u0144stwem i dobr\u0105 zabaw\u0105<\/span><\/p>\n<p>[\/vc_column_text][vc_custom_heading text=&#8221;<strong>Zgodno\u015b\u0107 z normami<\/strong>&#8221; font_container=&#8221;tag:h2|text_align:center&#8221; use_theme_fonts=&#8221;yes&#8221; css=&#8221;.vc_custom_1685090504041{margin-top: 40px !important;margin-bottom: 10px !important;}&#8221;][vc_column_text css=&#8221;.vc_custom_1555432537150{margin-right: 0px !important;margin-bottom: 20px !important;border-right-width: 0px !important;}&#8221;]<\/p>\n<p style=\"text-align: center;\"><span style=\"font-weight: 400;\">Nasze atrakcje s\u0105 zaprojektowane i wykonane zgodnie z obowi\u0105zuj\u0105cymi normami bezpiecze\u0144stwa. Dodatkowo zosta\u0142y przetestowane gruntownie ju\u017c na kilka miesi\u0119cy przed otwarciem.<\/span><\/p>\n<p>[\/vc_column_text][\/vc_column][vc_column width=&#8221;1\/2&#8243; css=&#8221;.vc_custom_1555433256451{margin-left: 150px !important;padding-right: 100px !important;}&#8221;][vc_custom_heading text=&#8221;<strong>O czym nale\u017cy pami\u0119ta\u0107 odwiedzaj\u0105c nasz obiekt:<\/strong>&#8221; font_container=&#8221;tag:h2|text_align:center&#8221; use_theme_fonts=&#8221;yes&#8221; css=&#8221;.vc_custom_1555432988712{margin-top: 110px !important;margin-left: 50px !important;}&#8221;]\n\t\t<div class=\"basel-list color-scheme-dark basel-text-size-large basel-list-type-icon basel-list-style-default vc_custom_1685103362286\" id=\"basel-list-id-69e112ffcacfb\">\n\t\t\t<ul>\n\t\t\t\t\t\t\t\t\t<li>\n\t\t\t\t\t\t\t\t\t\t\t\t\t<div class=\"list-icon fa fa-check\"><\/div>\n\t\t\t\t\t\t\t\t\t\t\t\t<span class=\"list-content\">Zabierz ze sob\u0105: wygodne, najlepiej sportowe ubranie, wod\u0119 do picia, a je\u015bli chcesz odwiedzi\u0107 te\u017c stref\u0119 parkour lub stref\u0119 si\u0142y - buty na zmian\u0119.<\/span>\n\t\t\t\t\t<\/li>\n\t\t\t\t\t\t\t\t\t<li>\n\t\t\t\t\t\t\t\t\t\t\t\t\t<div class=\"list-icon fa fa-check\"><\/div>\n\t\t\t\t\t\t\t\t\t\t\t\t<span class=\"list-content\">Zapoznaj si\u0119 z naszym regulaminem.<\/span>\n\t\t\t\t\t<\/li>\n\t\t\t\t\t\t\t\t\t<li>\n\t\t\t\t\t\t\t\t\t\t\t\t\t<div class=\"list-icon fa fa-check\"><\/div>\n\t\t\t\t\t\t\t\t\t\t\t\t<span class=\"list-content\">Kluczyk do szatni jest wydawany po uiszczeniu zastawu w wysoko\u015bci 20 z\u0142, kt\u00f3ry po oddaniu kluczyka na recepcj\u0119 jest zwracany. <\/span>\n\t\t\t\t\t<\/li>\n\t\t\t\t\t\t\t\t\t<li>\n\t\t\t\t\t\t\t\t\t\t\t\t\t<div class=\"list-icon fa fa-check\"><\/div>\n\t\t\t\t\t\t\t\t\t\t\t\t<span class=\"list-content\">Wej\u015bcia na Stref\u0119 Skok\u00f3w s\u0105 o pe\u0142nych godzinach, przyjd\u017a wcze\u015bniej \u017ceby wykupi\u0107 bilet i wej\u015b\u0107 o czasie.<\/span>\n\t\t\t\t\t<\/li>\n\t\t\t\t\t\t\t\t\t<li>\n\t\t\t\t\t\t\t\t\t\t\t\t\t<div class=\"list-icon fa fa-check\"><\/div>\n\t\t\t\t\t\t\t\t\t\t\t\t<span class=\"list-content\">Je\u015bli masz mniej ni\u017c 18 lat - zabierz ze sob\u0105 zgod\u0119 rodzica. \nJe\u015bli mniej ni\u017c 12 lat - musisz by\u0107 z rodzicem\/opiekunem.<\/span>\n\t\t\t\t\t<\/li>\n\t\t\t\t\t\t\t\t\t<li>\n\t\t\t\t\t\t\t\t\t\t\t\t\t<div class=\"list-icon fa fa-check\"><\/div>\n\t\t\t\t\t\t\t\t\t\t\t\t<span class=\"list-content\">Pami\u0119taj! Skarpetki antypo\u015blizgowe na stref\u0119 skok\u00f3w s\u0105 obowi\u0105zkowe - mo\u017cesz je kupi\u0107 w recepcji lub przez internet kupuj\u0105c bilet on-line.<\/span>\n\t\t\t\t\t<\/li>\n\t\t\t\t\t\t\t\t\t<li>\n\t\t\t\t\t\t\t\t\t\t\t\t\t<div class=\"list-icon fa fa-check\"><\/div>\n\t\t\t\t\t\t\t\t\t\t\t\t<span class=\"list-content\">Obejrzyj nasz film instrukta\u017cowy.<\/span>\n\t\t\t\t\t<\/li>\n\t\t\t\t\t\t\t\t\t<li>\n\t\t\t\t\t\t\t\t\t\t\t\t\t<div class=\"list-icon fa fa-check\"><\/div>\n\t\t\t\t\t\t\t\t\t\t\t\t<span class=\"list-content\">Ka\u017cde wej\u015bcie trener rozpoczyna wsp\u00f3ln\u0105 rozgrzewk\u0105.<\/span>\n\t\t\t\t\t<\/li>\n\t\t\t\t\t\t\t\t\t<li>\n\t\t\t\t\t\t\t\t\t\t\t\t\t<div class=\"list-icon fa fa-check\"><\/div>\n\t\t\t\t\t\t\t\t\t\t\t\t<span class=\"list-content\">Wej\u015bcia na Stref\u0119 Skok\u00f3w s\u0105 od 7 roku \u017cycia, od 6 tylko pod opiek\u0105 rodzica, kt\u00f3ry dla siebie r\u00f3wnie\u017c  zakupi bilet wej\u015bciowy. Na Stref\u0119 Dziecka wej\u015bcia ju\u017c od 1 roku \u017cycia do 12, oczywi\u015bcie pod opiek\u0105 rodzica.<\/span>\n\t\t\t\t\t<\/li>\n\t\t\t\t\t\t\t\t\t<li>\n\t\t\t\t\t\t\t\t\t\t\t\t\t<div class=\"list-icon fa fa-check\"><\/div>\n\t\t\t\t\t\t\t\t\t\t\t\t<span class=\"list-content\">Baw si\u0119 dobrze!<\/span>\n\t\t\t\t\t<\/li>\n\t\t\t\t\t\t\t<\/ul>\n\n\t\t\t<style>\n\t\t\t\t#basel-list-id-69e112ffcacfb .list-icon {\n\n                    color: #17a1c4;\n                }   \n                   \n                \t\t\t<\/style>\n\t\t<\/div>\n\t\t\n\t\t[\/vc_column][\/vc_row][vc_row css=&#8221;.vc_custom_1542044556710{margin-bottom: 50px !important;}&#8221;][vc_column css_animation=&#8221;bottom-to-top&#8221; width=&#8221;1\/3&#8243; css=&#8221;.vc_custom_1544370737175{padding-right: 40px !important;}&#8221;][\/vc_column][vc_column width=&#8221;1\/3&#8243;][vc_custom_heading text=&#8221;<strong>DOKUMENTY DO POBRANIA<\/strong>&#8221; font_container=&#8221;tag:h2|text_align:center&#8221; use_theme_fonts=&#8221;yes&#8221; css=&#8221;.vc_custom_1544370914101{margin-bottom: 30px !important;}&#8221;][\/vc_column][vc_column width=&#8221;1\/3&#8243;][\/vc_column][\/vc_row][vc_row][vc_column width=&#8221;1\/2&#8243; css=&#8221;.vc_custom_1558966922140{margin-left: 200px !important;}&#8221;][vc_row_inner][vc_column_inner width=&#8221;1\/4&#8243; css=&#8221;.vc_custom_1544371685294{margin-right: 0px !important;padding-right: 0px !important;}&#8221;][vc_icon icon_fontawesome=&#8221;fa fa-file-pdf-o&#8221; color=&#8221;custom&#8221; align=&#8221;center&#8221; custom_color=&#8221;#4e8fc7&#8243; css=&#8221;.vc_custom_1544371654425{margin-top: 0px !important;margin-right: 0px !important;margin-bottom: 0px !important;padding-top: 0px !important;padding-right: 0px !important;padding-bottom: 0px !important;}&#8221;][\/vc_column_inner][vc_column_inner width=&#8221;3\/4&#8243; css=&#8221;.vc_custom_1544371703383{margin-top: 20px !important;margin-left: 0px !important;padding-left: 0px !important;}&#8221;][vc_column_text]<a href=\"https:\/\/movementarena.pl\/suwalki\/wp-content\/uploads\/2023\/05\/Zgoda-niepelnoletni-2-2.pdf\">Zgoda rodzic\u00f3w<\/a>[\/vc_column_text][\/vc_column_inner][\/vc_row_inner][vc_row_inner][vc_column_inner width=&#8221;1\/4&#8243; css=&#8221;.vc_custom_1544371690983{margin-top: 0px !important;margin-right: 0px !important;margin-bottom: 0px !important;padding-top: 0px !important;padding-right: 0px !important;padding-bottom: 0px !important;}&#8221;][vc_icon icon_fontawesome=&#8221;fa fa-file-pdf-o&#8221; color=&#8221;custom&#8221; align=&#8221;center&#8221; custom_color=&#8221;#4e8fc7&#8243; css=&#8221;.vc_custom_1544371495193{margin-top: 0px !important;margin-bottom: 0px !important;padding-top: 0px !important;padding-bottom: 0px !important;}&#8221;][\/vc_column_inner][vc_column_inner width=&#8221;3\/4&#8243; css=&#8221;.vc_custom_1544371708482{margin-top: 20px !important;margin-left: 0px !important;padding-left: 0px !important;}&#8221;][vc_column_text]<a href=\"https:\/\/movementarena.pl\/suwalki\/wp-content\/uploads\/2024\/02\/Regulamin-obiektu-2024-2.pdf\">Regulamin<\/a>[\/vc_column_text][\/vc_column_inner][\/vc_row_inner][\/vc_column][vc_column width=&#8221;1\/2&#8243;][vc_row_inner][vc_column_inner width=&#8221;1\/4&#8243; css=&#8221;.vc_custom_1544371685294{margin-right: 0px !important;padding-right: 0px !important;}&#8221;][vc_icon icon_fontawesome=&#8221;fa fa-file-pdf-o&#8221; color=&#8221;custom&#8221; align=&#8221;center&#8221; custom_color=&#8221;#4e8fc7&#8243; css=&#8221;.vc_custom_1544371654425{margin-top: 0px !important;margin-right: 0px !important;margin-bottom: 0px !important;padding-top: 0px !important;padding-right: 0px !important;padding-bottom: 0px !important;}&#8221;][\/vc_column_inner][vc_column_inner width=&#8221;3\/4&#8243; css=&#8221;.vc_custom_1544371703383{margin-top: 20px !important;margin-left: 0px !important;padding-left: 0px !important;}&#8221;][vc_column_text]<a href=\"https:\/\/movementarena.pl\/suwalki\/wp-content\/uploads\/2019\/05\/Lista_obecnosci_do_pobrania.pdf\">Lista obecno\u015bci<\/a>[\/vc_column_text][\/vc_column_inner][\/vc_row_inner][vc_row_inner][vc_column_inner width=&#8221;1\/4&#8243; css=&#8221;.vc_custom_1544371685294{margin-right: 0px !important;padding-right: 0px !important;}&#8221;][vc_icon icon_fontawesome=&#8221;fa fa-file-pdf-o&#8221; color=&#8221;custom&#8221; align=&#8221;center&#8221; custom_color=&#8221;#4e8fc7&#8243; css=&#8221;.vc_custom_1544371654425{margin-top: 0px !important;margin-right: 0px !important;margin-bottom: 0px !important;padding-top: 0px !important;padding-right: 0px !important;padding-bottom: 0px !important;}&#8221;][\/vc_column_inner][vc_column_inner width=&#8221;3\/4&#8243; css=&#8221;.vc_custom_1544371703383{margin-top: 20px !important;margin-left: 0px !important;padding-left: 0px !important;}&#8221;][vc_column_text]<a href=\"https:\/\/movementarena.pl\/suwalki\/wp-content\/uploads\/2019\/08\/Informacja-o-przetwarzaniu-danych-osobowych_SUWA\u0141KI.pdf\">Polityka prywatno\u015bci<\/a>[\/vc_column_text][\/vc_column_inner][\/vc_row_inner][\/vc_column][\/vc_row]<\/p>\n","protected":false},"excerpt":{"rendered":"<p>[vc_row full_width=&#8221;stretch_row&#8221; el_class=&#8221;podmenu&#8221; css=&#8221;.vc_custom_1557775629945{margin-top: -40px !important;background-color: #4e8fc7 !important;}&#8221;][vc_column width=&#8221;1\/4&#8243;][\/vc_column][vc_column width=&#8221;3\/4&#8243; css=&#8221;.vc_custom_1544367833791{padding-left: 0px !important;}&#8221;][vc_column_text]Pierwsza wizyta O nas[\/vc_column_text][\/vc_column][\/vc_row][vc_row full_width=&#8221;stretch_row&#8221; content_placement=&#8221;middle&#8221; el_class=&#8221;tytul&#8221; css=&#8221;.vc_custom_1556728470970{margin-bottom:<\/p>\n","protected":false},"author":1,"featured_media":0,"parent":1522,"menu_order":0,"comment_status":"closed","ping_status":"closed","template":"","meta":{"footnotes":""},"class_list":["post-1825","page","type-page","status-publish","hentry"],"amp_enabled":true,"_links":{"self":[{"href":"https:\/\/movementarena.pl\/suwalki\/wp-json\/wp\/v2\/pages\/1825","targetHints":{"allow":["GET"]}}],"collection":[{"href":"https:\/\/movementarena.pl\/suwalki\/wp-json\/wp\/v2\/pages"}],"about":[{"href":"https:\/\/movementarena.pl\/suwalki\/wp-json\/wp\/v2\/types\/page"}],"author":[{"embeddable":true,"href":"https:\/\/movementarena.pl\/suwalki\/wp-json\/wp\/v2\/users\/1"}],"replies":[{"embeddable":true,"href":"https:\/\/movementarena.pl\/suwalki\/wp-json\/wp\/v2\/comments?post=1825"}],"version-history":[{"count":68,"href":"https:\/\/movementarena.pl\/suwalki\/wp-json\/wp\/v2\/pages\/1825\/revisions"}],"predecessor-version":[{"id":4976,"href":"https:\/\/movementarena.pl\/suwalki\/wp-json\/wp\/v2\/pages\/1825\/revisions\/4976"}],"up":[{"embeddable":true,"href":"https:\/\/movementarena.pl\/suwalki\/wp-json\/wp\/v2\/pages\/1522"}],"wp:attachment":[{"href":"https:\/\/movementarena.pl\/suwalki\/wp-json\/wp\/v2\/media?parent=1825"}],"curies":[{"name":"wp","href":"https:\/\/api.w.org\/{rel}","templated":true}]}}