{"id":2056,"date":"2017-02-10T14:54:26","date_gmt":"2017-02-10T14:54:26","guid":{"rendered":"http:\/\/movementarena.pl\/suwalki\/cennik\/"},"modified":"2025-11-04T17:18:31","modified_gmt":"2025-11-04T16:18:31","slug":"cennik-wejscia","status":"publish","type":"page","link":"https:\/\/movementarena.pl\/suwalki\/cennik-wejscia\/","title":{"rendered":"Cennik"},"content":{"rendered":"<p>[vc_row full_width=&#8221;stretch_row_content&#8221; equal_height=&#8221;yes&#8221; content_placement=&#8221;middle&#8221; css=&#8221;.vc_custom_1602836699756{margin-bottom: 40px !important;padding-top: 100px !important;padding-bottom: 100px !important;background-image: url(https:\/\/movementarena.pl\/suwalki\/wp-content\/uploads\/2019\/04\/cennik.jpeg?id=2772) !important;background-position: center !important;background-repeat: no-repeat !important;background-size: cover !important;}&#8221; el_class=&#8221;tytul&#8221;][vc_column][vc_custom_heading text=&#8221;<strong>CENNIK<\/strong>&#8221; font_container=&#8221;tag:h1|font_size:50|text_align:center|color:%23ffffff&#8221; use_theme_fonts=&#8221;yes&#8221; css_animation=&#8221;slideInRight&#8221;]<div class=\"basel-button-wrapper text-center\"><a target=\" _blank\" rel=\"noopener\" title=\"\" href=\"https:\/\/movementarenasuwalki.gymmanager.com.pl\/ZoneReservation\/Date\" class=\"btn btn-color-primary btn-style-default btn-size-extra-large\">KUP BILET<\/a><\/div>[\/vc_column][\/vc_row][vc_row css_animation=&#8221;bottom-to-top&#8221; css=&#8221;.vc_custom_1544372953924{margin-bottom: 70px !important;}&#8221;][vc_column][vc_tta_tabs color=&#8221;white&#8221; active_section=&#8221;1&#8243; no_fill_content_area=&#8221;true&#8221; title=&#8221;Cennik&#8221;][vc_tta_section title=&#8221;Cennik&#8221; tab_id=&#8221;Cennik&#8221;][vc_row_inner][vc_column_inner width=&#8221;5\/6&#8243;][vc_message]<strong>Wej\u015bcia indywidualne na Stref\u0119 Skok\u00f3w (r\u00f3wnie\u017c z biletem MIX) s\u0105 o pe\u0142nych godzinach, ka\u017cde wej\u015bcie rozpoczynamy wsp\u00f3ln\u0105 rozgrzewk\u0105 z trenerem.<\/strong><\/p>\n<p>W dni wolne od nauki szkolnej (ferie oraz wakacje) na\u00a0bilety ca\u0142odniowe obowi\u0105zuje cena weekendowa (PT-NDZ).<\/p>\n<p>Karnet &#8220;Wszystkie zaj\u0119cia +wolne wej\u015bcia&#8221; nie obowi\u0105zuje na zaj\u0119cia dodatkowe przygotowuj\u0105ce do zawod\u00f3w. Na te zaj\u0119cia obowi\u0105zuje karnet cz\u0142onkowski.[\/vc_message][vc_single_image image=&#8221;5142&#8243; img_size=&#8221;large&#8221; alignment=&#8221;center&#8221;][vc_single_image image=&#8221;5564&#8243; img_size=&#8221;large&#8221; alignment=&#8221;center&#8221;][vc_single_image image=&#8221;5143&#8243; img_size=&#8221;large&#8221; alignment=&#8221;center&#8221;][vc_single_image image=&#8221;5332&#8243; img_size=&#8221;large&#8221; alignment=&#8221;center&#8221;][\/vc_column_inner][vc_column_inner width=&#8221;1\/6&#8243;][\/vc_column_inner][\/vc_row_inner][\/vc_tta_section][vc_tta_section title=&#8221;Bilet ca\u0142odniowy&#8221; tab_id=&#8221;bon-turystyczny&#8221; el_class=&#8221;zolty&#8221;][vc_custom_heading text=&#8221;<strong>BILET CA\u0141ODNIOWY <\/strong>&#8221; font_container=&#8221;tag:h1|font_size:50|text_align:center|color:%23000000&#8243; use_theme_fonts=&#8221;yes&#8221; css_animation=&#8221;none&#8221;][vc_column_text]<\/p>\n<p class=\"_04xlpA direction-ltr align-start para-style-body\">Planujesz zosta\u0107 d\u0142u\u017cej ni\u017c dwie godziny?<\/p>\n<p>Ten bilet jest w\u0142a\u015bnie dla ciebie!<\/p>\n<p>mo\u017cliwo\u015b\u0107 korzystania z naszych atrakcji bez przejmowania si\u0119 czasem.<\/p>\n<ul>\n<li>Strefa skok\u00f3w, Dziecka, Squash<\/li>\n<li>2 gry w LaserTag<\/li>\n<li>skarpetki antypo\u015blizgowe<\/li>\n<li>pocz\u0119stunek na s\u0142odko i na s\u0142ono<\/li>\n<li>nap\u00f3j<\/li>\n<\/ul>\n<p>Cena: 99 z\u0142\/os w weekendy, w tygodniu (pon-pt) 94 z\u0142<\/p>\n<p><strong>Zakupu nale\u017cy dokona\u0107 do godziny 13:00<\/strong><\/p>\n<p>Zarezerwuj:<\/p>\n<p><span class=\"S1PPyQ\">\u260e\ufe0f<\/span> <span class=\"S1PPyQ\">518213791<\/span><\/p>\n<p><span class=\"S1PPyQ\">\u2709\ufe0f<\/span> <a href=\"mailto:suwalki@movementarena.pl\"><span class=\"S1PPyQ\">suwalki@movementarena.pl<\/span><\/a><\/p>\n<p><span class=\"S1PPyQ\">\ud83c\udfe2<\/span> <span class=\"S1PPyQ\">O<\/span><span class=\"S1PPyQ\">dwied\u017a nas na miejscu!<\/span><\/p>\n<p><span class=\"x4k7w5x x1h91t0o x1h9r5lt xv2umb2 x1beo9mf xaigb6o x12ejxvf x3igimt xarpa2k xedcshv x1lytzrv x1t2pt76 x7ja8zs x1qrby5j x1jfb8zj\">\u00a0<\/span>[\/vc_column_text][\/vc_tta_section][\/vc_tta_tabs][vc_separator][\/vc_column][\/vc_row][vc_row full_width=&#8221;stretch_row_content_no_spaces&#8221; basel_bg_position=&#8221;center-center&#8221; css=&#8221;.vc_custom_1656153776360{margin-top: 50px !important;margin-bottom: -40px !important;padding-top: 150px !important;padding-bottom: 150px !important;background-image: url(https:\/\/movementarena.pl\/suwalki\/wp-content\/uploads\/2020\/10\/MG_9534-scaled.jpg?id=4159) !important;background-position: center !important;background-repeat: no-repeat !important;background-size: cover !important;}&#8221;][vc_column][vc_custom_heading text=&#8221;<strong>Mo\u017cesz wszystko!<\/strong>&#8221; font_container=&#8221;tag:h1|text_align:center|color:%23ffffff&#8221; use_theme_fonts=&#8221;yes&#8221;]<div class=\"basel-button-wrapper text-center\"><a target=\" _blank\" rel=\"noopener\" title=\"\" href=\"https:\/\/movementarenasuwalki.gymmanager.com.pl\/Buypass\/Passes\" class=\"btn btn-color-primary btn-style-default btn-size-extra-large\">KUP KARNET<\/a><\/div>[\/vc_column][\/vc_row]<\/p>\n","protected":false},"excerpt":{"rendered":"<p>[vc_row full_width=&#8221;stretch_row_content&#8221; equal_height=&#8221;yes&#8221; content_placement=&#8221;middle&#8221; css=&#8221;.vc_custom_1602836699756{margin-bottom: 40px !important;padding-top: 100px !important;padding-bottom: 100px !important;background-image: url(https:\/\/movementarena.pl\/suwalki\/wp-content\/uploads\/2019\/04\/cennik.jpeg?id=2772) !important;background-position: center !important;background-repeat: no-repeat !important;background-size: cover !important;}&#8221; el_class=&#8221;tytul&#8221;][vc_column][vc_custom_heading<\/p>\n","protected":false},"author":1,"featured_media":0,"parent":0,"menu_order":0,"comment_status":"closed","ping_status":"closed","template":"","meta":{"footnotes":""},"class_list":["post-2056","page","type-page","status-publish","hentry"],"amp_enabled":true,"_links":{"self":[{"href":"https:\/\/movementarena.pl\/suwalki\/wp-json\/wp\/v2\/pages\/2056","targetHints":{"allow":["GET"]}}],"collection":[{"href":"https:\/\/movementarena.pl\/suwalki\/wp-json\/wp\/v2\/pages"}],"about":[{"href":"https:\/\/movementarena.pl\/suwalki\/wp-json\/wp\/v2\/types\/page"}],"author":[{"embeddable":true,"href":"https:\/\/movementarena.pl\/suwalki\/wp-json\/wp\/v2\/users\/1"}],"replies":[{"embeddable":true,"href":"https:\/\/movementarena.pl\/suwalki\/wp-json\/wp\/v2\/comments?post=2056"}],"version-history":[{"count":158,"href":"https:\/\/movementarena.pl\/suwalki\/wp-json\/wp\/v2\/pages\/2056\/revisions"}],"predecessor-version":[{"id":5684,"href":"https:\/\/movementarena.pl\/suwalki\/wp-json\/wp\/v2\/pages\/2056\/revisions\/5684"}],"wp:attachment":[{"href":"https:\/\/movementarena.pl\/suwalki\/wp-json\/wp\/v2\/media?parent=2056"}],"curies":[{"name":"wp","href":"https:\/\/api.w.org\/{rel}","templated":true}]}}