{"id":3931,"date":"2020-09-14T12:01:21","date_gmt":"2020-09-14T10:01:21","guid":{"rendered":"https:\/\/movementarena.pl\/suwalki\/?page_id=3931"},"modified":"2023-05-26T12:40:10","modified_gmt":"2023-05-26T10:40:10","slug":"karta-podarunkowa-suwalki","status":"publish","type":"page","link":"https:\/\/movementarena.pl\/suwalki\/karta-podarunkowa-suwalki\/","title":{"rendered":"Karta podarunkowa &#8211; Movement Arena Suwa\u0142ki"},"content":{"rendered":"<p>[vc_section][vc_row full_width=&#8221;stretch_row&#8221; equal_height=&#8221;yes&#8221; content_placement=&#8221;middle&#8221; css=&#8221;.vc_custom_1682603772920{margin-bottom: 40px !important;padding-top: 150px !important;padding-bottom: 150px !important;background-image: url(https:\/\/movementarena.pl\/suwalki\/wp-content\/uploads\/2023\/04\/IMG_0653-scaled.jpg?id=4756) !important;}&#8221;][vc_column][vc_custom_heading text=&#8221;<strong>Voucher na Movement Aren\u0119!<\/strong>&#8221; font_container=&#8221;tag:h1|font_size:50|text_align:center|color:%23000000&#8243; use_theme_fonts=&#8221;yes&#8221; css_animation=&#8221;slideInLeft&#8221;][\/vc_column][\/vc_row][vc_row][vc_column width=&#8221;1\/2&#8243;]\t\t\t<div id=\"gallery_330\" class=\"basel-images-gallery  spacing-0 columns-3 view-carousel photoswipe-images\">\n\t\t\t\t<div class=\"gallery-images owl-carousel\">\n\t\t\t\t\t\t\t\t\t\t\t\t\t\t\t\t\t\t<div class=\"basel-gallery-item\">\n\t\t\t\t\t\t\t\t\t\t\t\t\t\t\t\t<a href=\"https:\/\/movementarena.pl\/suwalki\/wp-content\/uploads\/2020\/06\/MG_8453-1024x683.jpg\" data-index=\"1\" data-width=\"1024\" data-height=\"683\"   data-rel=\"lightbox-image-0\" data-rl_title=\"\" data-rl_caption=\"\" title=\"\">\n\t\t\t\t\t\t\t\t\t\t\t\t\t\t\t\t\t<img fetchpriority=\"high\" decoding=\"async\" width=\"1024\" height=\"683\" src=\"https:\/\/movementarena.pl\/suwalki\/wp-content\/uploads\/2020\/06\/MG_8453-1024x683.jpg\" class=\"basel-gallery-image image-1 attachment-large\" alt=\"Trampoliny grupa\" srcset=\"https:\/\/movementarena.pl\/suwalki\/wp-content\/uploads\/2020\/06\/MG_8453-1024x683.jpg 1024w, https:\/\/movementarena.pl\/suwalki\/wp-content\/uploads\/2020\/06\/MG_8453-300x200.jpg 300w, https:\/\/movementarena.pl\/suwalki\/wp-content\/uploads\/2020\/06\/MG_8453-768x512.jpg 768w, https:\/\/movementarena.pl\/suwalki\/wp-content\/uploads\/2020\/06\/MG_8453-1536x1025.jpg 1536w, https:\/\/movementarena.pl\/suwalki\/wp-content\/uploads\/2020\/06\/MG_8453-scaled.jpg 2048w\" sizes=\"(max-width: 1024px) 100vw, 1024px\" \/>\t\t\t\t\t\t\t\t\t\t\t\t\t\t\t\t<\/a>\n\t\t\t\t\t\t\t\t\t\t\t\t\t\t\t<\/div>\n\t\t\t\t\t\t\t\t\t\t\t\t\t<div class=\"basel-gallery-item\">\n\t\t\t\t\t\t\t\t\t\t\t\t\t\t\t\t<a href=\"https:\/\/movementarena.pl\/suwalki\/wp-content\/uploads\/2020\/07\/MG_0662-1024x872.jpg\" data-index=\"2\" data-width=\"1024\" data-height=\"872\"   data-rel=\"lightbox-image-1\" data-rl_title=\"\" data-rl_caption=\"\" title=\"\">\n\t\t\t\t\t\t\t\t\t\t\t\t\t\t\t\t\t<img decoding=\"async\" width=\"1024\" height=\"872\" src=\"https:\/\/movementarena.pl\/suwalki\/wp-content\/uploads\/2020\/07\/MG_0662-1024x872.jpg\" class=\"basel-gallery-image image-2 attachment-large\" alt=\"\" srcset=\"https:\/\/movementarena.pl\/suwalki\/wp-content\/uploads\/2020\/07\/MG_0662-1024x872.jpg 1024w, https:\/\/movementarena.pl\/suwalki\/wp-content\/uploads\/2020\/07\/MG_0662-300x255.jpg 300w, https:\/\/movementarena.pl\/suwalki\/wp-content\/uploads\/2020\/07\/MG_0662-768x654.jpg 768w, https:\/\/movementarena.pl\/suwalki\/wp-content\/uploads\/2020\/07\/MG_0662-1536x1307.jpg 1536w, https:\/\/movementarena.pl\/suwalki\/wp-content\/uploads\/2020\/07\/MG_0662-scaled.jpg 2048w\" sizes=\"(max-width: 1024px) 100vw, 1024px\" \/>\t\t\t\t\t\t\t\t\t\t\t\t\t\t\t\t<\/a>\n\t\t\t\t\t\t\t\t\t\t\t\t\t\t\t<\/div>\n\t\t\t\t\t\t\t\t\t\t\t\t\t<div class=\"basel-gallery-item\">\n\t\t\t\t\t\t\t\t\t\t\t\t\t\t\t\t<a href=\"https:\/\/movementarena.pl\/suwalki\/wp-content\/uploads\/2020\/09\/MG_9436-1024x683.jpg\" data-index=\"3\" data-width=\"1024\" data-height=\"683\"   data-rel=\"lightbox-image-2\" data-rl_title=\"\" data-rl_caption=\"\" title=\"\">\n\t\t\t\t\t\t\t\t\t\t\t\t\t\t\t\t\t<img decoding=\"async\" width=\"1024\" height=\"683\" src=\"https:\/\/movementarena.pl\/suwalki\/wp-content\/uploads\/2020\/09\/MG_9436-1024x683.jpg\" class=\"basel-gallery-image image-3 attachment-large\" alt=\"\" srcset=\"https:\/\/movementarena.pl\/suwalki\/wp-content\/uploads\/2020\/09\/MG_9436-1024x683.jpg 1024w, https:\/\/movementarena.pl\/suwalki\/wp-content\/uploads\/2020\/09\/MG_9436-300x200.jpg 300w, https:\/\/movementarena.pl\/suwalki\/wp-content\/uploads\/2020\/09\/MG_9436-768x512.jpg 768w, https:\/\/movementarena.pl\/suwalki\/wp-content\/uploads\/2020\/09\/MG_9436-1536x1025.jpg 1536w, https:\/\/movementarena.pl\/suwalki\/wp-content\/uploads\/2020\/09\/MG_9436-scaled.jpg 2048w\" sizes=\"(max-width: 1024px) 100vw, 1024px\" \/>\t\t\t\t\t\t\t\t\t\t\t\t\t\t\t\t<\/a>\n\t\t\t\t\t\t\t\t\t\t\t\t\t\t\t<\/div>\n\t\t\t\t\t\t\t\t\t\t\t\t\t<div class=\"basel-gallery-item\">\n\t\t\t\t\t\t\t\t\t\t\t\t\t\t\t\t<a href=\"https:\/\/movementarena.pl\/suwalki\/wp-content\/uploads\/2020\/07\/69995255_2516287848419388_3769486607204220928_o-1024x684.jpg\" data-index=\"4\" data-width=\"1024\" data-height=\"684\"   data-rel=\"lightbox-image-3\" data-rl_title=\"\" data-rl_caption=\"\" title=\"\">\n\t\t\t\t\t\t\t\t\t\t\t\t\t\t\t\t\t<img loading=\"lazy\" decoding=\"async\" width=\"1024\" height=\"684\" src=\"https:\/\/movementarena.pl\/suwalki\/wp-content\/uploads\/2020\/07\/69995255_2516287848419388_3769486607204220928_o-1024x684.jpg\" class=\"basel-gallery-image image-4 attachment-large\" alt=\"\" srcset=\"https:\/\/movementarena.pl\/suwalki\/wp-content\/uploads\/2020\/07\/69995255_2516287848419388_3769486607204220928_o-1024x684.jpg 1024w, https:\/\/movementarena.pl\/suwalki\/wp-content\/uploads\/2020\/07\/69995255_2516287848419388_3769486607204220928_o-300x200.jpg 300w, https:\/\/movementarena.pl\/suwalki\/wp-content\/uploads\/2020\/07\/69995255_2516287848419388_3769486607204220928_o-768x513.jpg 768w, https:\/\/movementarena.pl\/suwalki\/wp-content\/uploads\/2020\/07\/69995255_2516287848419388_3769486607204220928_o-1536x1025.jpg 1536w\" sizes=\"(max-width: 1024px) 100vw, 1024px\" \/>\t\t\t\t\t\t\t\t\t\t\t\t\t\t\t\t<\/a>\n\t\t\t\t\t\t\t\t\t\t\t\t\t\t\t<\/div>\n\t\t\t\t\t\t\t\t\t\t\t\t\t\t\t<\/div>\n\t\t\t<\/div>\n\t\t\t\t\t[\/vc_column][vc_column width=&#8221;1\/2&#8243;][vc_column_text]<strong>Voucher<\/strong> to najlepszy <span style=\"text-decoration: underline;\">prezent<\/span> dla Twoich bliskich!<\/p>\n<p>Dzi\u0119ki niemu mo\u017cesz skorzysta\u0107 ze wszystkich atrakcji na <strong>Movement Arenie<\/strong> <strong>w<\/strong> <strong>Suwa\u0142kach<\/strong>! \u015awietna propozycja na organizacj\u0119 czasu wolnego.<\/p>\n<p>Dzi\u0119ki niej mo\u017cesz:<\/p>\n<ul>\n<li>Poskaka\u0107 na trampolinach<\/li>\n<li>Zagra\u0107 w <em>Squasha<\/em><\/li>\n<li>Poskaka\u0107 na Strefie <em>Parkour<\/em><\/li>\n<li>Po\u0107wiczy\u0107 na Strefie <em>si\u0142y<\/em><\/li>\n<li>Zagra\u0107 w <em>Laser<\/em> Tag, czyli l<em>aserowy paintball<\/em><\/li>\n<\/ul>\n<p>[\/vc_column_text][\/vc_column][\/vc_row][vc_row][vc_column][vc_custom_heading text=&#8221;Jak go naby\u0107? To proste!&#8221; font_container=&#8221;tag:h2|font_size:50|text_align:center|color:%23000000&#8243; use_theme_fonts=&#8221;yes&#8221; css_animation=&#8221;none&#8221;][\/vc_column][\/vc_row][vc_row][vc_column width=&#8221;1\/2&#8243;][vc_column_text]<\/p>\n<p style=\"text-align: left;\">Wystarczy przyj\u015b\u0107 do naszego parku i wykupi\u0107 wej\u015bcia na okre\u015blone atrakcje lub wybra\u0107 kwot\u0119 do wykorzystania, kt\u00f3r\u0105 umie\u015bcimy na Voucherze.<\/p>\n<p style=\"text-align: left;\">Voucher pakujemy do niebieskiej koperty.<\/p>\n<p style=\"text-align: left;\">Termin wa\u017cno\u015bci rok od zakupu.<\/p>\n<p>[\/vc_column_text][\/vc_column][vc_column width=&#8221;1\/2&#8243;]\t\t\t<div id=\"gallery_811\" class=\"basel-images-gallery  spacing-0 columns-1 view-grid photoswipe-images\">\n\t\t\t\t<div class=\"gallery-images \">\n\t\t\t\t\t\t\t\t\t\t\t\t\t\t\t\t\t\t<div class=\"basel-gallery-item\">\n\t\t\t\t\t\t\t\t\t\t\t\t\t\t\t\t<a href=\"https:\/\/movementarena.pl\/suwalki\/wp-content\/uploads\/2023\/04\/IMG_0653-1024x768.jpg\" data-index=\"1\" data-width=\"1024\" data-height=\"768\"   data-rel=\"lightbox-image-4\" data-rl_title=\"\" data-rl_caption=\"\" title=\"\">\n\t\t\t\t\t\t\t\t\t\t\t\t\t\t\t\t\t<img loading=\"lazy\" decoding=\"async\" width=\"300\" height=\"225\" src=\"https:\/\/movementarena.pl\/suwalki\/wp-content\/uploads\/2023\/04\/IMG_0653-300x225.jpg\" class=\"basel-gallery-image image-1 attachment-medium\" alt=\"\" srcset=\"https:\/\/movementarena.pl\/suwalki\/wp-content\/uploads\/2023\/04\/IMG_0653-300x225.jpg 300w, https:\/\/movementarena.pl\/suwalki\/wp-content\/uploads\/2023\/04\/IMG_0653-1024x768.jpg 1024w, https:\/\/movementarena.pl\/suwalki\/wp-content\/uploads\/2023\/04\/IMG_0653-768x576.jpg 768w, https:\/\/movementarena.pl\/suwalki\/wp-content\/uploads\/2023\/04\/IMG_0653-1536x1152.jpg 1536w, https:\/\/movementarena.pl\/suwalki\/wp-content\/uploads\/2023\/04\/IMG_0653-2048x1536.jpg 2048w\" sizes=\"(max-width: 300px) 100vw, 300px\" \/>\t\t\t\t\t\t\t\t\t\t\t\t\t\t\t\t<\/a>\n\t\t\t\t\t\t\t\t\t\t\t\t\t\t\t<\/div>\n\t\t\t\t\t\t\t\t\t\t\t\t\t\t\t<\/div>\n\t\t\t<\/div>\n\t\t\t\t\t[\/vc_column][\/vc_row][\/vc_section]<\/p>\n","protected":false},"excerpt":{"rendered":"<p>[vc_section][vc_row full_width=&#8221;stretch_row&#8221; equal_height=&#8221;yes&#8221; content_placement=&#8221;middle&#8221; css=&#8221;.vc_custom_1682603772920{margin-bottom: 40px !important;padding-top: 150px !important;padding-bottom: 150px !important;background-image: url(https:\/\/movementarena.pl\/suwalki\/wp-content\/uploads\/2023\/04\/IMG_0653-scaled.jpg?id=4756) !important;}&#8221;][vc_column][vc_custom_heading text=&#8221;Voucher na Movement Aren\u0119!&#8221; font_container=&#8221;tag:h1|font_size:50|text_align:center|color:%23000000&#8243; use_theme_fonts=&#8221;yes&#8221; css_animation=&#8221;slideInLeft&#8221;][\/vc_column][\/vc_row][vc_row][vc_column<\/p>\n","protected":false},"author":2,"featured_media":0,"parent":0,"menu_order":0,"comment_status":"closed","ping_status":"closed","template":"","meta":{"footnotes":""},"class_list":["post-3931","page","type-page","status-publish","hentry"],"amp_enabled":true,"_links":{"self":[{"href":"https:\/\/movementarena.pl\/suwalki\/wp-json\/wp\/v2\/pages\/3931","targetHints":{"allow":["GET"]}}],"collection":[{"href":"https:\/\/movementarena.pl\/suwalki\/wp-json\/wp\/v2\/pages"}],"about":[{"href":"https:\/\/movementarena.pl\/suwalki\/wp-json\/wp\/v2\/types\/page"}],"author":[{"embeddable":true,"href":"https:\/\/movementarena.pl\/suwalki\/wp-json\/wp\/v2\/users\/2"}],"replies":[{"embeddable":true,"href":"https:\/\/movementarena.pl\/suwalki\/wp-json\/wp\/v2\/comments?post=3931"}],"version-history":[{"count":27,"href":"https:\/\/movementarena.pl\/suwalki\/wp-json\/wp\/v2\/pages\/3931\/revisions"}],"predecessor-version":[{"id":4803,"href":"https:\/\/movementarena.pl\/suwalki\/wp-json\/wp\/v2\/pages\/3931\/revisions\/4803"}],"wp:attachment":[{"href":"https:\/\/movementarena.pl\/suwalki\/wp-json\/wp\/v2\/media?parent=3931"}],"curies":[{"name":"wp","href":"https:\/\/api.w.org\/{rel}","templated":true}]}}