{"id":4829,"date":"2023-06-06T13:18:03","date_gmt":"2023-06-06T11:18:03","guid":{"rendered":"https:\/\/movementarena.pl\/suwalki\/?page_id=4829"},"modified":"2025-02-26T12:40:07","modified_gmt":"2025-02-26T11:40:07","slug":"movement-arena-suwalki-jusu-veiklos-ir-pramogu-centras","status":"publish","type":"page","link":"https:\/\/movementarena.pl\/suwalki\/movement-arena-suwalki-jusu-veiklos-ir-pramogu-centras\/","title":{"rendered":"Movement Arena Suwalki: J\u016bs\u0173 Veiklos ir Pramog\u0173 Centras!"},"content":{"rendered":"<p>[vc_row full_width=&#8221;stretch_row_content&#8221; equal_height=&#8221;yes&#8221; basel_bg_position=&#8221;center-center&#8221; css=&#8221;.vc_custom_1685107195449{border-bottom-width: 150px !important;padding-top: 80px !important;padding-bottom: 80px !important;background-image: url(https:\/\/movementarena.pl\/suwalki\/wp-content\/uploads\/2023\/05\/68d67015-a2d4-4c80-8f9a-2f44dfad5e38-0-scaled.jpg?id=4821) !important;border-radius: 35px !important;}&#8221;][vc_column][vc_custom_heading text=&#8221;<strong>Movement Arena Suwalki: J\u016bs\u0173 Veiklos ir Pramog\u0173 Centras!<\/strong>&#8221; font_container=&#8221;tag:h1|font_size:50|text_align:center|color:%23ffffff&#8221; use_theme_fonts=&#8221;yes&#8221;][\/vc_column][\/vc_row][vc_row][vc_column width=&#8221;1\/2&#8243;][vc_images_carousel images=&#8221;4543,4820,4821,4818,4819&#8243; img_size=&#8221;large&#8221;][vc_column_text][\/vc_column_text][vc_column_text]<\/p>\n<h2><strong>Draugi\u0161ka Vaik\u0173 zona<\/strong><\/h2>\n<p>Esame \u012fsitikin\u0119, kad m\u016bs\u0173 Vaik\u0173 zona, ideali vaikams nuo 3 iki 12 met\u0173, taps j\u016bs\u0173 vaiko m\u0117gstamiausia vieta! Daugyb\u0117 pramog\u0173 laukia ma\u017e\u0173j\u0173: Be\u017ed\u017eioni\u0173 gajus, slydimas \u012f kamuoliuk\u0173 basein\u0105, pontonin\u0117 ir vamzdin\u0117 slydimas, Ma\u017eojo Ninja zona, batutas \u012f putplas\u010dio kub\u0173 basein\u0105, taip pat &#8220;Mammutico&#8221; blokeliai k\u016brybingam statybos procesui. Ma\u017eosios rankel\u0117s gal\u0117s i\u0161m\u0117ginti savo j\u0117gas laipiojimo sienoje, o ma\u017eosios kojyt\u0117s \u012fveiks piramid\u0119 ir fig\u016bras kli[\/vc_column_text][\/vc_column][vc_column width=&#8221;1\/2&#8243;][vc_column_text]Kvietiame \u012f jud\u0117jimo, pramog\u0173, akrobatikos ir park\u016bro pasaul\u012f &#8211; viet\u0105, kur pramogos susitinka su aistra! Movement Arena Suwalki yra vieta kiekvienam, kuris vertina aktyv\u0173 gyvenimo b\u016bd\u0105, nesvarbu, ar esate gimnastikos, akrobatikos, park\u016bro gerb\u0117jas, ar tiesiog m\u0117gstate puikiai praleisti laik\u0105.[\/vc_column_text][vc_gallery interval=&#8221;3&#8243; images=&#8221;4493,4465,3779,2329&#8243; img_size=&#8221;800&#215;600&#8243;][vc_column_text]<\/p>\n<h3>Trampolin\u0173 \u0161okimo zona<\/h3>\n<p>Patirkite \u012fnir\u0161io ir adrenalino, \u0161okin\u0117dami nuo daugialygio bok\u0161to \u012f oro pagalv\u0119, atraskite d\u017eiaugsm\u0105 at\u0161okdamas nuo daugiau nei 20 batut\u0173, tarp j\u0173 ir dviej\u0173 tak\u0173. Jauskite tikras akrobatines emocijas ant i\u0161p\u016bstos akrobatin\u0117s takos &#8220;AirTrack&#8221;. \u0160uolis \u012f putplas\u010dio kub\u0173 basein\u0105? Kod\u0117l gi ne! \u0160i zona yra skirta vaikams nuo 7 met\u0173.<\/p>\n<p>Atraskite savo park\u016bro geb\u0117jimus m\u016bs\u0173 u\u017edengtame Park\u016bro parke. Mes paruo\u0161\u0117me \u012fvairias kli\u016btis: vamzd\u017eius, pastoviai pritvirtintus prie grind\u0173, mink\u0161tas fig\u016bras, medinius d\u0117\u017ees, padengtus neslid\u017eiu pavir\u0161iumi, ir daug kit\u0173. M\u0117gaukit\u0117s jud\u0117jimo laisve per pastovi\u0105 medin\u0119 konstrukcij\u0105 ir saugiai keliaukite per m\u016bs\u0173 erdv\u0119 ant neslid\u017eaus \u017ealio tartano. Ar esate pasiruo\u0161\u0119 i\u0161\u0161\u016bkiui? Praeikite per m\u016bs\u0173 specialiai parengt\u0105 &#8220;Ninja&#8221; zon\u0105![\/vc_column_text][\/vc_column][\/vc_row][vc_row][vc_column][vc_column_text]<\/p>\n<div class=\"flex flex-grow flex-col gap-3\">\n<div class=\"min-h-[20px] flex flex-col items-start gap-4 whitespace-pre-wrap break-words\">\n<div class=\"markdown prose w-full break-words dark:prose-invert light\">\n<h2><span class=\"HwtZe\" lang=\"lt\"><span class=\"jCAhz ChMk0b\"><span class=\"ryNqvb\">Kainora\u0161tis<\/span><\/span><\/span><\/h2>\n<p>\u0160okin\u0117jimo zona (am\u017eius nuo 7 met\u0173): <strong>35 PLN\/val<\/strong>., <strong>50 PLN\/2 val<\/strong>.<\/p>\n<p>Vaik\u0173 zona: 1 valanda: <strong>35 PLN<\/strong>, 2 valandos: <strong>50 PLN<\/strong><\/p>\n<p>MIX bilietas (Vaik\u0173 ir \u0161okin\u0117jimo zonos, am\u017eius 7-12): <strong>49 PLN<\/strong>\/val., 2 valandos: \u00a0<strong>79 PLN<\/strong><\/p>\n<p>Neslid\u017eios kojin\u0117s: <strong>8 PLN<\/strong><\/p>\n<\/div>\n<p><strong><span class=\"HwtZe\" lang=\"lt\"><span class=\"jCAhz ChMk0b\"><span class=\"ryNqvb\">Kiti patogumai:<\/span><\/span> <\/span><\/strong><\/p>\n<ul>\n<li><span class=\"HwtZe\" lang=\"lt\"><span class=\"jCAhz ChMk0b\"><span class=\"ryNqvb\">Vieta: 1 km iki Suvalk\u0173 centro<\/span><\/span> <\/span><\/li>\n<li><span class=\"HwtZe\" lang=\"lt\"><span class=\"jCAhz ChMk0b\"><span class=\"ryNqvb\">Nemokama automobili\u0173 stov\u0117jimo aik\u0161tel\u0117<\/span><\/span> <\/span><\/li>\n<li><span class=\"HwtZe\" lang=\"lt\"><span class=\"jCAhz ChMk0b\"><span class=\"ryNqvb\">2 persirengimo kambariai su tualetais ir du\u0161ais bei ne\u012fgali\u0173j\u0173 tualetas su vieta k\u016bdikiams persirengti<\/span><\/span> <\/span><\/li>\n<li><span class=\"HwtZe\" lang=\"lt\"><span class=\"jCAhz ChMk0b\"><span class=\"ryNqvb\">T\u0117v\u0173 zona su sofomis prie pat vaik\u0173 zonos ir batut\u0173<\/span><\/span> <\/span><\/li>\n<li><span class=\"HwtZe\" lang=\"lt\"><span class=\"jCAhz ChMk0b\"><span class=\"ryNqvb\">T\u0117v\u0173 zona antresol\u0117je su vaizdu \u012f sal\u0119 &#8211; galimyb\u0117 \u017eaisti smigin\u012f ir lo\u0161imo automatus<\/span><\/span> <\/span><\/li>\n<\/ul>\n<p><strong><span class=\"HwtZe\" lang=\"lt\"><span class=\"jCAhz ChMk0b\"><span class=\"ryNqvb\">Darbo valandos:<\/span><\/span> <\/span><\/strong><\/p>\n<ul>\n<li><span class=\"HwtZe\" lang=\"lt\"><span class=\"jCAhz ChMk0b\"><span class=\"ryNqvb\">\u0160ventinis laikotarpis nuo bir\u017eelio 26 iki rugpj\u016b\u010dio 31 d.: 10:00-20:00<\/span><\/span> <\/span><\/li>\n<li><span class=\"HwtZe\" lang=\"lt\"><span class=\"jCAhz ChMk0b\"><span class=\"ryNqvb\">Nuo rugs\u0117jo 1 iki bir\u017eelio 25 d.: 13:00-20:00<\/span><\/span><\/span><\/li>\n<\/ul>\n<\/div>\n<\/div>\n<p>[\/vc_column_text][\/vc_column][\/vc_row]<\/p>\n","protected":false},"excerpt":{"rendered":"<p>[vc_row full_width=&#8221;stretch_row_content&#8221; equal_height=&#8221;yes&#8221; basel_bg_position=&#8221;center-center&#8221; css=&#8221;.vc_custom_1685107195449{border-bottom-width: 150px !important;padding-top: 80px !important;padding-bottom: 80px !important;background-image: url(https:\/\/movementarena.pl\/suwalki\/wp-content\/uploads\/2023\/05\/68d67015-a2d4-4c80-8f9a-2f44dfad5e38-0-scaled.jpg?id=4821) !important;border-radius: 35px !important;}&#8221;][vc_column][vc_custom_heading text=&#8221;Movement Arena Suwalki: J\u016bs\u0173 Veiklos<\/p>\n","protected":false},"author":2,"featured_media":0,"parent":0,"menu_order":0,"comment_status":"closed","ping_status":"closed","template":"","meta":{"footnotes":""},"class_list":["post-4829","page","type-page","status-publish","hentry"],"amp_enabled":true,"_links":{"self":[{"href":"https:\/\/movementarena.pl\/suwalki\/wp-json\/wp\/v2\/pages\/4829","targetHints":{"allow":["GET"]}}],"collection":[{"href":"https:\/\/movementarena.pl\/suwalki\/wp-json\/wp\/v2\/pages"}],"about":[{"href":"https:\/\/movementarena.pl\/suwalki\/wp-json\/wp\/v2\/types\/page"}],"author":[{"embeddable":true,"href":"https:\/\/movementarena.pl\/suwalki\/wp-json\/wp\/v2\/users\/2"}],"replies":[{"embeddable":true,"href":"https:\/\/movementarena.pl\/suwalki\/wp-json\/wp\/v2\/comments?post=4829"}],"version-history":[{"count":9,"href":"https:\/\/movementarena.pl\/suwalki\/wp-json\/wp\/v2\/pages\/4829\/revisions"}],"predecessor-version":[{"id":5331,"href":"https:\/\/movementarena.pl\/suwalki\/wp-json\/wp\/v2\/pages\/4829\/revisions\/5331"}],"wp:attachment":[{"href":"https:\/\/movementarena.pl\/suwalki\/wp-json\/wp\/v2\/media?parent=4829"}],"curies":[{"name":"wp","href":"https:\/\/api.w.org\/{rel}","templated":true}]}}